{"id":7,"date":"2019-12-12T19:34:51","date_gmt":"2019-12-12T21:34:51","guid":{"rendered":"http:\/\/localhost:8888\/terametais\/?page_id=7"},"modified":"2020-06-29T13:19:02","modified_gmt":"2020-06-29T16:19:02","slug":"empresa","status":"publish","type":"page","link":"https:\/\/www.terametais.com.br\/en\/empresa\/","title":{"rendered":"Company"},"content":{"rendered":"","protected":false},"excerpt":{"rendered":"","protected":false},"author":1,"featured_media":0,"parent":0,"menu_order":0,"comment_status":"closed","ping_status":"closed","template":"","meta":{"_acf_changed":false,"footnotes":""},"class_list":["post-7","page","type-page","status-publish","hentry"],"acf":[],"yoast_head":"<!-- This site is optimized with the Yoast SEO plugin v27.4 - https:\/\/yoast.com\/product\/yoast-seo-wordpress\/ -->\n<title>Empresa - Tera Metais<\/title>\n<meta name=\"description\" content=\"A Tera Metais produz solu\u00e7\u00f5es em extrus\u00e3o de Perfis de Alum\u00ednio. Com equipes de alta performance presentes em todos os setores da empresa.\" \/>\n<meta name=\"robots\" content=\"index, follow, max-snippet:-1, max-image-preview:large, max-video-preview:-1\" \/>\n<link rel=\"canonical\" href=\"https:\/\/www.terametais.com.br\/en\/empresa\/\" \/>\n<meta property=\"og:locale\" content=\"en_US\" \/>\n<meta property=\"og:locale:alternate\" content=\"pt_BR\" \/>\n<meta property=\"og:type\" content=\"article\" \/>\n<meta property=\"og:title\" content=\"Empresa - Tera Metais\" \/>\n<meta property=\"og:description\" content=\"A Tera Metais produz solu\u00e7\u00f5es em extrus\u00e3o de Perfis de Alum\u00ednio. Com equipes de alta performance presentes em todos os setores da empresa.\" \/>\n<meta property=\"og:url\" content=\"https:\/\/www.terametais.com.br\/en\/empresa\/\" \/>\n<meta property=\"og:site_name\" content=\"Tera Metais\" \/>\n<meta property=\"article:modified_time\" content=\"2020-06-29T16:19:02+00:00\" \/>\n<meta name=\"twitter:card\" content=\"summary_large_image\" \/>\n<script type=\"application\/ld+json\" class=\"yoast-schema-graph\">{\"@context\":\"https:\\\/\\\/schema.org\",\"@graph\":[{\"@type\":\"WebPage\",\"@id\":\"https:\\\/\\\/www.terametais.com.br\\\/empresa\\\/\",\"url\":\"https:\\\/\\\/www.terametais.com.br\\\/empresa\\\/\",\"name\":\"Empresa - Tera Metais\",\"isPartOf\":{\"@id\":\"https:\\\/\\\/www.terametais.com.br\\\/#website\"},\"datePublished\":\"2019-12-12T21:34:51+00:00\",\"dateModified\":\"2020-06-29T16:19:02+00:00\",\"description\":\"A Tera Metais produz solu\u00e7\u00f5es em extrus\u00e3o de Perfis de Alum\u00ednio. Com equipes de alta performance presentes em todos os setores da empresa.\",\"breadcrumb\":{\"@id\":\"https:\\\/\\\/www.terametais.com.br\\\/empresa\\\/#breadcrumb\"},\"inLanguage\":\"en-US\",\"potentialAction\":[{\"@type\":\"ReadAction\",\"target\":[\"https:\\\/\\\/www.terametais.com.br\\\/empresa\\\/\"]}]},{\"@type\":\"BreadcrumbList\",\"@id\":\"https:\\\/\\\/www.terametais.com.br\\\/empresa\\\/#breadcrumb\",\"itemListElement\":[{\"@type\":\"ListItem\",\"position\":1,\"name\":\"In\u00edcio\",\"item\":\"https:\\\/\\\/www.terametais.com.br\\\/\"},{\"@type\":\"ListItem\",\"position\":2,\"name\":\"Empresa\"}]},{\"@type\":\"WebSite\",\"@id\":\"https:\\\/\\\/www.terametais.com.br\\\/#website\",\"url\":\"https:\\\/\\\/www.terametais.com.br\\\/\",\"name\":\"Tera Metais\",\"description\":\"\",\"publisher\":{\"@id\":\"https:\\\/\\\/www.terametais.com.br\\\/#organization\"},\"potentialAction\":[{\"@type\":\"SearchAction\",\"target\":{\"@type\":\"EntryPoint\",\"urlTemplate\":\"https:\\\/\\\/www.terametais.com.br\\\/?s={search_term_string}\"},\"query-input\":{\"@type\":\"PropertyValueSpecification\",\"valueRequired\":true,\"valueName\":\"search_term_string\"}}],\"inLanguage\":\"en-US\"},{\"@type\":\"Organization\",\"@id\":\"https:\\\/\\\/www.terametais.com.br\\\/#organization\",\"name\":\"TERA Metais\",\"url\":\"https:\\\/\\\/www.terametais.com.br\\\/\",\"logo\":{\"@type\":\"ImageObject\",\"inLanguage\":\"en-US\",\"@id\":\"https:\\\/\\\/www.terametais.com.br\\\/#\\\/schema\\\/logo\\\/image\\\/\",\"url\":\"https:\\\/\\\/www.terametais.com.br\\\/wp-content\\\/uploads\\\/2019\\\/12\\\/favicon.png\",\"contentUrl\":\"https:\\\/\\\/www.terametais.com.br\\\/wp-content\\\/uploads\\\/2019\\\/12\\\/favicon.png\",\"width\":16,\"height\":16,\"caption\":\"TERA Metais\"},\"image\":{\"@id\":\"https:\\\/\\\/www.terametais.com.br\\\/#\\\/schema\\\/logo\\\/image\\\/\"}}]}<\/script>\n<!-- \/ Yoast SEO plugin. -->","yoast_head_json":{"title":"Empresa - Tera Metais","description":"A Tera Metais produz solu\u00e7\u00f5es em extrus\u00e3o de Perfis de Alum\u00ednio. Com equipes de alta performance presentes em todos os setores da empresa.","robots":{"index":"index","follow":"follow","max-snippet":"max-snippet:-1","max-image-preview":"max-image-preview:large","max-video-preview":"max-video-preview:-1"},"canonical":"https:\/\/www.terametais.com.br\/en\/empresa\/","og_locale":"en_US","og_type":"article","og_title":"Empresa - Tera Metais","og_description":"A Tera Metais produz solu\u00e7\u00f5es em extrus\u00e3o de Perfis de Alum\u00ednio. Com equipes de alta performance presentes em todos os setores da empresa.","og_url":"https:\/\/www.terametais.com.br\/en\/empresa\/","og_site_name":"Tera Metais","article_modified_time":"2020-06-29T16:19:02+00:00","twitter_card":"summary_large_image","schema":{"@context":"https:\/\/schema.org","@graph":[{"@type":"WebPage","@id":"https:\/\/www.terametais.com.br\/empresa\/","url":"https:\/\/www.terametais.com.br\/empresa\/","name":"Empresa - Tera Metais","isPartOf":{"@id":"https:\/\/www.terametais.com.br\/#website"},"datePublished":"2019-12-12T21:34:51+00:00","dateModified":"2020-06-29T16:19:02+00:00","description":"A Tera Metais produz solu\u00e7\u00f5es em extrus\u00e3o de Perfis de Alum\u00ednio. Com equipes de alta performance presentes em todos os setores da empresa.","breadcrumb":{"@id":"https:\/\/www.terametais.com.br\/empresa\/#breadcrumb"},"inLanguage":"en-US","potentialAction":[{"@type":"ReadAction","target":["https:\/\/www.terametais.com.br\/empresa\/"]}]},{"@type":"BreadcrumbList","@id":"https:\/\/www.terametais.com.br\/empresa\/#breadcrumb","itemListElement":[{"@type":"ListItem","position":1,"name":"In\u00edcio","item":"https:\/\/www.terametais.com.br\/"},{"@type":"ListItem","position":2,"name":"Empresa"}]},{"@type":"WebSite","@id":"https:\/\/www.terametais.com.br\/#website","url":"https:\/\/www.terametais.com.br\/","name":"Tera Metais","description":"","publisher":{"@id":"https:\/\/www.terametais.com.br\/#organization"},"potentialAction":[{"@type":"SearchAction","target":{"@type":"EntryPoint","urlTemplate":"https:\/\/www.terametais.com.br\/?s={search_term_string}"},"query-input":{"@type":"PropertyValueSpecification","valueRequired":true,"valueName":"search_term_string"}}],"inLanguage":"en-US"},{"@type":"Organization","@id":"https:\/\/www.terametais.com.br\/#organization","name":"TERA Metais","url":"https:\/\/www.terametais.com.br\/","logo":{"@type":"ImageObject","inLanguage":"en-US","@id":"https:\/\/www.terametais.com.br\/#\/schema\/logo\/image\/","url":"https:\/\/www.terametais.com.br\/wp-content\/uploads\/2019\/12\/favicon.png","contentUrl":"https:\/\/www.terametais.com.br\/wp-content\/uploads\/2019\/12\/favicon.png","width":16,"height":16,"caption":"TERA Metais"},"image":{"@id":"https:\/\/www.terametais.com.br\/#\/schema\/logo\/image\/"}}]}},"_links":{"self":[{"href":"https:\/\/www.terametais.com.br\/en\/wp-json\/wp\/v2\/pages\/7","targetHints":{"allow":["GET"]}}],"collection":[{"href":"https:\/\/www.terametais.com.br\/en\/wp-json\/wp\/v2\/pages"}],"about":[{"href":"https:\/\/www.terametais.com.br\/en\/wp-json\/wp\/v2\/types\/page"}],"author":[{"embeddable":true,"href":"https:\/\/www.terametais.com.br\/en\/wp-json\/wp\/v2\/users\/1"}],"replies":[{"embeddable":true,"href":"https:\/\/www.terametais.com.br\/en\/wp-json\/wp\/v2\/comments?post=7"}],"version-history":[{"count":2,"href":"https:\/\/www.terametais.com.br\/en\/wp-json\/wp\/v2\/pages\/7\/revisions"}],"predecessor-version":[{"id":752,"href":"https:\/\/www.terametais.com.br\/en\/wp-json\/wp\/v2\/pages\/7\/revisions\/752"}],"wp:attachment":[{"href":"https:\/\/www.terametais.com.br\/en\/wp-json\/wp\/v2\/media?parent=7"}],"curies":[{"name":"wp","href":"https:\/\/api.w.org\/{rel}","templated":true}]}}